{"id":30,"date":"2024-10-21T21:18:17","date_gmt":"2024-10-21T19:18:17","guid":{"rendered":"https:\/\/unartedecrearte.com\/?page_id=30"},"modified":"2025-09-09T14:29:20","modified_gmt":"2025-09-09T12:29:20","slug":"30-2","status":"publish","type":"page","link":"https:\/\/unartedecrearte.com\/?page_id=30","title":{"rendered":""},"content":{"rendered":"\n<div class=\"wp-block-group alignfull has-global-padding is-content-justification-center is-layout-constrained wp-block-group-is-layout-constrained\" style=\"margin-top:0;margin-bottom:0\">\n<div class=\"wp-block-group alignwide is-layout-flow wp-block-group-is-layout-flow\">\n<hr class=\"wp-block-separator has-alpha-channel-opacity\"\/>\n\n\n\n<details class=\"wp-block-details is-layout-flow wp-block-details-is-layout-flow\"><summary>Kunsttherapie<\/summary>\n<p><strong>Kunsttherapeutische Gruppenangebote in Kooperation mit Sozial- und Bildungseinrichtungen<\/strong><\/p>\n\n\n\n<p><\/p>\n\n\n\n<p>In Zusammenarbeit mit sozialen und p\u00e4dagogischen Einrichtungen biete ich kunsttherapeutische Gruppenangebote f\u00fcr Kinder und Jugendliche an. Im Mittelpunkt steht ein gesch\u00fctzter, kreativer Raum, in dem die Teilnehmenden sich selbst erleben, ausdr\u00fccken und ihre eigenen Potenziale entdecken k\u00f6nnen.<\/p>\n\n\n\n<p>Die Kunsttherapie ist eine ganzheitliche Methode, die die vielf\u00e4ltigen Ausdrucksm\u00f6glichkeiten der Kunst mit therapeutischen Prozessen verbindet. Nicht das fertige Werk steht im Vordergrund, sondern der kreative Prozess \u2013 als Weg zu innerer Erfahrung, Selbstbegegnung und pers\u00f6nlichem Wachstum. In einer sicheren und wertfreien Atmosph\u00e4re entsteht ein Raum, in dem Gef\u00fchle, Gedanken und pers\u00f6nliche Themen auf spielerisch-\u00e4sthetische Weise Ausdruck finden d\u00fcrfen.<\/p>\n\n\n\n<p><strong>Du hast Fragen oder m\u00f6chtest mehr \u00fcber meine Arbeit erfahren?<\/strong><br>Ich freue mich auf Deine Nachricht!<\/p>\n\n\n\n<p><a href=\"https:\/\/unartedecrearte.com\/?page_id=18\" data-type=\"page\" data-id=\"18\">Anfragen und Kontakt<\/a><\/p>\n<\/details>\n\n\n\n<hr class=\"wp-block-separator has-alpha-channel-opacity\"\/>\n\n\n\n<details class=\"wp-block-details is-layout-flow wp-block-details-is-layout-flow\"><summary>Kunstwerkstatt<\/summary>\n<p>Offene Gruppenangebote f\u00fcr Kinder von 5-11 Jahren<\/p>\n\n\n\n<p><\/p>\n\n\n\n<p>Die Kunstwerkstatt ist ein Kreativ-Labor f\u00fcr kleine Sch\u00f6pferinnen und Entdeckerinnen. Gemeinsam tauchen wir ein in Welten der Fantasie und Freude, die uns neugierig und mutig machen und bunte Geschichten schreiben.<\/p>\n\n\n\n<p>Begleitet von Bewegung, Sprache und Musik entdecken wir spielerisch verschiedene Materialien und unsere vielf\u00e4ltigen Ausdrucksm\u00f6glichkeiten. Dabei schaffen wir einen wertfreien Raum, in dem dein ganz eigener gestalterischer Prozess und die Freude am Experimentieren im Mittelpunkt stehen.<\/p>\n\n\n\n<p>Unser gemeinsames Forschen und Erleben folgt einer spontanen und intuitiven \u00c4sthetik, die Raum l\u00e4sst f\u00fcr das, was im Moment entstehen m\u00f6chte. <\/p>\n\n\n\n<p>Aktuelle Termine findest du hier:<\/p>\n\n\n\n<p><a href=\"https:\/\/unartedecrearte.com\/?page_id=245\" data-type=\"page\" data-id=\"245\">Aktuelle Termine<\/a><\/p>\n<\/details>\n\n\n\n<hr class=\"wp-block-separator has-alpha-channel-opacity\"\/>\n\n\n\n<p><\/p>\n<\/div>\n<\/div>\n\n\n\n<p><\/p>\n","protected":false},"excerpt":{"rendered":"","protected":false},"author":1,"featured_media":0,"parent":0,"menu_order":0,"comment_status":"closed","ping_status":"closed","template":"","meta":{"_monsterinsights_skip_tracking":false,"_monsterinsights_sitenote_active":false,"_monsterinsights_sitenote_note":"","_monsterinsights_sitenote_category":0,"ngg_post_thumbnail":0,"footnotes":""},"class_list":["post-30","page","type-page","status-publish","hentry"],"_links":{"self":[{"href":"https:\/\/unartedecrearte.com\/index.php?rest_route=\/wp\/v2\/pages\/30","targetHints":{"allow":["GET"]}}],"collection":[{"href":"https:\/\/unartedecrearte.com\/index.php?rest_route=\/wp\/v2\/pages"}],"about":[{"href":"https:\/\/unartedecrearte.com\/index.php?rest_route=\/wp\/v2\/types\/page"}],"author":[{"embeddable":true,"href":"https:\/\/unartedecrearte.com\/index.php?rest_route=\/wp\/v2\/users\/1"}],"replies":[{"embeddable":true,"href":"https:\/\/unartedecrearte.com\/index.php?rest_route=%2Fwp%2Fv2%2Fcomments&post=30"}],"version-history":[{"count":28,"href":"https:\/\/unartedecrearte.com\/index.php?rest_route=\/wp\/v2\/pages\/30\/revisions"}],"predecessor-version":[{"id":247,"href":"https:\/\/unartedecrearte.com\/index.php?rest_route=\/wp\/v2\/pages\/30\/revisions\/247"}],"wp:attachment":[{"href":"https:\/\/unartedecrearte.com\/index.php?rest_route=%2Fwp%2Fv2%2Fmedia&parent=30"}],"curies":[{"name":"wp","href":"https:\/\/api.w.org\/{rel}","templated":true}]}}