{"id":14,"date":"2024-10-21T21:06:01","date_gmt":"2024-10-21T19:06:01","guid":{"rendered":"https:\/\/unartedecrearte.com\/?page_id=14"},"modified":"2025-09-09T14:09:01","modified_gmt":"2025-09-09T12:09:01","slug":"ueber-mich","status":"publish","type":"page","link":"https:\/\/unartedecrearte.com\/?page_id=14","title":{"rendered":""},"content":{"rendered":"\n<hr class=\"wp-block-separator alignwide has-alpha-channel-opacity\"\/>\n\n\n\n<details class=\"wp-block-details alignwide is-layout-flow wp-block-details-is-layout-flow\"><summary>\u00dcber mich<\/summary>\n<div class=\"wp-block-media-text has-media-on-the-right is-stacked-on-mobile is-vertically-aligned-center\" style=\"grid-template-columns:auto 43%\"><div class=\"wp-block-media-text__content\">\n<p class=\"has-text-align-left\"><strong>Sarah Kurz<\/strong><\/p>\n\n\n\n<p class=\"has-text-align-left\">Meine Vision als Psychologin und Kunsttherapeutin ist es, kreative R\u00e4ume zu gestalten, in denen sich individuelle Entwicklung herausfordert und st\u00e4rkt. Die Br\u00fccke zwischen der Psychologie und meiner Leidenschaft f\u00fcr die Kunst im Beruf der Kunsttherapeutin entdeckt zu haben begeistert mich. Kunst verstehe ich dabei als \u00e4sthetische Erfahrung und bewege mich in meinem Werkzeugkasten zwischen Farben, T\u00f6nen, Bewegung und Poesie in einem interdisziplin\u00e4ren Dialog.&nbsp;<\/p>\n\n\n\n<p>Ich habe Erfahrung in der kunsttherapeutischen Arbeit, sowohl im Einzel- als im Gruppensetting. Die Arbeit mit Kindern und Jugendlichen macht mir dabei besonders viel Freude.<\/p>\n\n\n\n<p>Meine Arbeitsweise basiert auf der humanistischen Psychologie und einer Begegnung auf Augenh\u00f6he, von Mensch zu Mensch.<\/p>\n\n\n\n<p><\/p>\n<\/div><figure class=\"wp-block-media-text__media\"><img loading=\"lazy\" decoding=\"async\" width=\"1024\" height=\"682\" src=\"https:\/\/unartedecrearte.com\/wp-content\/uploads\/2024\/10\/WhatsApp-Image-2022-12-21-at-16.48.49-2-1024x682.jpg\" alt=\"\" class=\"wp-image-83 size-full\" srcset=\"https:\/\/unartedecrearte.com\/wp-content\/uploads\/2024\/10\/WhatsApp-Image-2022-12-21-at-16.48.49-2-1024x682.jpg 1024w, https:\/\/unartedecrearte.com\/wp-content\/uploads\/2024\/10\/WhatsApp-Image-2022-12-21-at-16.48.49-2-300x200.jpg 300w, https:\/\/unartedecrearte.com\/wp-content\/uploads\/2024\/10\/WhatsApp-Image-2022-12-21-at-16.48.49-2-768x512.jpg 768w, https:\/\/unartedecrearte.com\/wp-content\/uploads\/2024\/10\/WhatsApp-Image-2022-12-21-at-16.48.49-2-1536x1023.jpg 1536w, https:\/\/unartedecrearte.com\/wp-content\/uploads\/2024\/10\/WhatsApp-Image-2022-12-21-at-16.48.49-2.jpg 1600w\" sizes=\"auto, (max-width: 1024px) 100vw, 1024px\" \/><\/figure><\/div>\n\n\n\n<p><strong>    <\/strong><\/p>\n\n\n\n<div class=\"wp-block-media-text has-media-on-the-right is-stacked-on-mobile\" style=\"grid-template-columns:auto 43%\"><div class=\"wp-block-media-text__content\">\n<p><em>Beruflicher Werdegang<\/em><\/p>\n\n\n\n<p>Ausbildung zur Interdisziplin\u00e4ren Kunsttherapeutin am Institut IATBA Barcelona     2021 \u2013 2023<\/p>\n\n\n\n<p>Studium der Psychologie Eberhard Karls Universit\u00e4t T\u00fcbingen und Goethe Universit\u00e4t Frankfurt    2016 &#8211; 2020<\/p>\n\n\n\n<p><\/p>\n\n\n\n<p><em>Erfahrungen<\/em><\/p>\n\n\n\n<p>seit 2025 T\u00e4tigkeit als Kunsttherapeutin in der Praxis f\u00fcr Ergotherapie und Psychosomatik Grandy, Ulm<\/p>\n\n\n\n<p>seit 2024 Freiberufliche T\u00e4tigkeit als Kunsttherapeutin<\/p>\n\n\n\n<p>Gruppenangebote f\u00fcr Kinder und Jugendliche in Kooperation mit Sozial- und Bildungseinrichtungen<\/p>\n\n\n\n<p>2023 &#8211; 2024 T\u00e4tigkeit als Kunsttherapeutin im CAT, Barcelona Zentrum f\u00fcr Psychische Gesundheit und Suchterkrankungen <\/p>\n\n\n\n<p>2023 &#8211; 2023 T\u00e4tigkeit in der Casa D\u00b4 Infants Paulo Freire, Barcelona ; Kunsttherapeutische Begleitung von Kindern, Jugendlichen und Familien innerhalb einer Wohngruppe des Projekts Casa D\u00b4 Infants&nbsp;<\/p>\n\n\n\n<p>2022 &#8211; 2023 T\u00e4tigkeit in der Besch\u00e4ftigungswerkstatt La Troballa, Fundaci\u00f3 Arrels, Barcelona Leitung eines kunsttherapeutischen Workshops mit Menschen in Situation von Obdachlosigkeit&nbsp;<\/p>\n<\/div><figure class=\"wp-block-media-text__media\"><img loading=\"lazy\" decoding=\"async\" width=\"1024\" height=\"750\" src=\"https:\/\/unartedecrearte.com\/wp-content\/uploads\/2024\/10\/from-one-to-another-1-1024x750.png\" alt=\"\" class=\"wp-image-75 size-full\" srcset=\"https:\/\/unartedecrearte.com\/wp-content\/uploads\/2024\/10\/from-one-to-another-1-1024x750.png 1024w, https:\/\/unartedecrearte.com\/wp-content\/uploads\/2024\/10\/from-one-to-another-1-300x220.png 300w, https:\/\/unartedecrearte.com\/wp-content\/uploads\/2024\/10\/from-one-to-another-1-768x562.png 768w, https:\/\/unartedecrearte.com\/wp-content\/uploads\/2024\/10\/from-one-to-another-1-1536x1125.png 1536w, https:\/\/unartedecrearte.com\/wp-content\/uploads\/2024\/10\/from-one-to-another-1.png 1748w\" sizes=\"auto, (max-width: 1024px) 100vw, 1024px\" \/><\/figure><\/div>\n<\/details>\n\n\n\n<hr class=\"wp-block-separator alignwide has-alpha-channel-opacity\"\/>\n\n\n\n<p><\/p>\n","protected":false},"excerpt":{"rendered":"","protected":false},"author":1,"featured_media":0,"parent":0,"menu_order":0,"comment_status":"closed","ping_status":"closed","template":"","meta":{"_monsterinsights_skip_tracking":false,"_monsterinsights_sitenote_active":false,"_monsterinsights_sitenote_note":"","_monsterinsights_sitenote_category":0,"ngg_post_thumbnail":0,"footnotes":""},"class_list":["post-14","page","type-page","status-publish","hentry"],"_links":{"self":[{"href":"https:\/\/unartedecrearte.com\/index.php?rest_route=\/wp\/v2\/pages\/14","targetHints":{"allow":["GET"]}}],"collection":[{"href":"https:\/\/unartedecrearte.com\/index.php?rest_route=\/wp\/v2\/pages"}],"about":[{"href":"https:\/\/unartedecrearte.com\/index.php?rest_route=\/wp\/v2\/types\/page"}],"author":[{"embeddable":true,"href":"https:\/\/unartedecrearte.com\/index.php?rest_route=\/wp\/v2\/users\/1"}],"replies":[{"embeddable":true,"href":"https:\/\/unartedecrearte.com\/index.php?rest_route=%2Fwp%2Fv2%2Fcomments&post=14"}],"version-history":[{"count":16,"href":"https:\/\/unartedecrearte.com\/index.php?rest_route=\/wp\/v2\/pages\/14\/revisions"}],"predecessor-version":[{"id":244,"href":"https:\/\/unartedecrearte.com\/index.php?rest_route=\/wp\/v2\/pages\/14\/revisions\/244"}],"wp:attachment":[{"href":"https:\/\/unartedecrearte.com\/index.php?rest_route=%2Fwp%2Fv2%2Fmedia&parent=14"}],"curies":[{"name":"wp","href":"https:\/\/api.w.org\/{rel}","templated":true}]}}